{"id":381,"date":"2020-04-05T21:58:06","date_gmt":"2020-04-05T21:58:06","guid":{"rendered":"https:\/\/frebert-kollegen.de\/?page_id=381"},"modified":"2020-04-06T19:09:33","modified_gmt":"2020-04-06T19:09:33","slug":"impressum","status":"publish","type":"page","link":"https:\/\/frebert-kollegen.de\/?page_id=381","title":{"rendered":"Impressum"},"content":{"rendered":"\t\t<div data-elementor-type=\"wp-post\" data-elementor-id=\"381\" class=\"elementor elementor-381\">\n\t\t\t\t\t\t<section class=\"elementor-section elementor-top-section elementor-element elementor-element-fc65aa1 elementor-section-boxed elementor-section-height-default elementor-section-height-default\" data-id=\"fc65aa1\" data-element_type=\"section\">\n\t\t\t\t\t\t<div class=\"elementor-container elementor-column-gap-default\">\n\t\t\t\t\t<div class=\"elementor-column elementor-col-100 elementor-top-column elementor-element elementor-element-1b1ba75\" data-id=\"1b1ba75\" data-element_type=\"column\">\n\t\t\t<div class=\"elementor-widget-wrap elementor-element-populated\">\n\t\t\t\t\t\t<div class=\"elementor-element elementor-element-50b8e1c elementor-widget elementor-widget-heading\" data-id=\"50b8e1c\" data-element_type=\"widget\" data-widget_type=\"heading.default\">\n\t\t\t\t<div class=\"elementor-widget-container\">\n\t\t\t<span id=50b8e1c><\/span><h2 class=\"elementor-heading-title elementor-size-default\">Impressum<\/h2>\t\t<\/div>\n\t\t\t\t<\/div>\n\t\t\t\t\t<\/div>\n\t\t<\/div>\n\t\t\t\t\t<\/div>\n\t\t<\/section>\n\t\t\t\t<section class=\"elementor-section elementor-top-section elementor-element elementor-element-a109d58 elementor-section-boxed elementor-section-height-default elementor-section-height-default\" data-id=\"a109d58\" data-element_type=\"section\">\n\t\t\t\t\t\t<div class=\"elementor-container elementor-column-gap-default\">\n\t\t\t\t\t<div class=\"elementor-column elementor-col-100 elementor-top-column elementor-element elementor-element-2b8d206\" data-id=\"2b8d206\" data-element_type=\"column\">\n\t\t\t<div class=\"elementor-widget-wrap elementor-element-populated\">\n\t\t\t\t\t\t<div class=\"elementor-element elementor-element-f4774be elementor-widget elementor-widget-text-editor\" data-id=\"f4774be\" data-element_type=\"widget\" data-widget_type=\"text-editor.default\">\n\t\t\t\t<div class=\"elementor-widget-container\">\n\t\t\t<span id=f4774be><\/span>\t\t\t\t<p><strong>Frebert &amp; Kollegen<\/strong><br>Landsberger Stra\u00dfe 410<br>81241 M\u00fcnchen<\/p>\n<p>Telefon: +49 (0) 89 \/ 58 30 24<br>Telefax: +49 (0) 89 \/ 56 18 36<br>Email: <a href=\"mailto:kanzlei@frebert-kollegen.de\">kanzlei@frebert-kollegen.de<\/a><br>Internet: www.frebert-kollegen.de<\/p>\n<p>Verantwortlich f\u00fcr den Inhalt:<br>Florian Frebert<\/p>\n<p><strong><span class=\"subline\">Zust\u00e4ndige Aufsichtsbeh\u00f6rde<\/span><\/strong><br>Steuerberaterkammer M\u00fcnchen, Nederlinger Str. 9, 80683 M\u00fcnchen<\/p>\n<p><strong><span class=\"subline\">Zust\u00e4ndige Kammer<\/span><\/strong><br>Steuerberaterkammer M\u00fcnchen, Nederlinger Str. 9, 80683 M\u00fcnchen<\/p>\n<p><strong><span class=\"subline\">Berufsbezeichnung<\/span><\/strong><br>Steuerberaterin (verliehen in der Bundesrepublik Deutschland)<br>Steuerberater (verliehen in der Bundesrepublik Deutschland)<\/p>\n<p><span class=\"subline\"><strong>Berufsrechtliche Regelung f\u00fcr Steuerberater<\/strong> <\/span><\/p>\n<ul>\n<li>Steuerberatungsgesetz (StBerG)<\/li>\n<li>Durchf\u00fchrungsverordnung zum Steuerberatungsgesetz (DVStB)<\/li>\n<li>Berufsordnung der Bundessteuerberaterkammer (BOStB)<\/li>\n<li>Verg\u00fctungsverordnung f\u00fcr Steuerberater (StBVV)<\/li>\n<\/ul>\n<p>Diese Vorschriften finden Sie unter:<a href=\"http:\/\/www.bstbk.de\" target=\"_blank\" rel=\"noopener\"> www.bstbk.de<\/a>, Rubrik Steuerberater \/ Berufsrecht<\/p>\n<p><span class=\"subline\">Umsatzsteuer-Identifikationsnummer gem\u00e4\u00df \u00a7 27 a Umsatzsteuergesetz<\/span><br>DE 130 487 246<\/p>\t\t\t\t\t\t<\/div>\n\t\t\t\t<\/div>\n\t\t\t\t\t<\/div>\n\t\t<\/div>\n\t\t\t\t\t<\/div>\n\t\t<\/section>\n\t\t\t\t<\/div>\n\t\t","protected":false},"excerpt":{"rendered":"<p>Impressum Frebert &amp; Kollegen Landsberger Stra\u00dfe 410 81241 M\u00fcnchen Telefon: +49 (0) 89 \/ 58 30 24 Telefax: +49 (0) 89 \/ 56 18 36 Email: kanzlei@frebert-kollegen.de Internet: www.frebert-kollegen.de Verantwortlich f\u00fcr den Inhalt: Florian Frebert Zust\u00e4ndige Aufsichtsbeh\u00f6rde Steuerberaterkammer M\u00fcnchen, Nederlinger Str. 9, 80683 M\u00fcnchen Zust\u00e4ndige Kammer Steuerberaterkammer M\u00fcnchen, Nederlinger Str. 9, 80683 M\u00fcnchen Berufsbezeichnung Steuerberaterin&hellip;<\/p>\n","protected":false},"author":1,"featured_media":0,"parent":0,"menu_order":0,"comment_status":"closed","ping_status":"closed","template":"","meta":{"footnotes":""},"_links":{"self":[{"href":"https:\/\/frebert-kollegen.de\/index.php?rest_route=\/wp\/v2\/pages\/381"}],"collection":[{"href":"https:\/\/frebert-kollegen.de\/index.php?rest_route=\/wp\/v2\/pages"}],"about":[{"href":"https:\/\/frebert-kollegen.de\/index.php?rest_route=\/wp\/v2\/types\/page"}],"author":[{"embeddable":true,"href":"https:\/\/frebert-kollegen.de\/index.php?rest_route=\/wp\/v2\/users\/1"}],"replies":[{"embeddable":true,"href":"https:\/\/frebert-kollegen.de\/index.php?rest_route=%2Fwp%2Fv2%2Fcomments&post=381"}],"version-history":[{"count":7,"href":"https:\/\/frebert-kollegen.de\/index.php?rest_route=\/wp\/v2\/pages\/381\/revisions"}],"predecessor-version":[{"id":421,"href":"https:\/\/frebert-kollegen.de\/index.php?rest_route=\/wp\/v2\/pages\/381\/revisions\/421"}],"wp:attachment":[{"href":"https:\/\/frebert-kollegen.de\/index.php?rest_route=%2Fwp%2Fv2%2Fmedia&parent=381"}],"curies":[{"name":"wp","href":"https:\/\/api.w.org\/{rel}","templated":true}]}}