{"id":464,"date":"2020-04-07T12:55:48","date_gmt":"2020-04-07T12:55:48","guid":{"rendered":"https:\/\/frebert-kollegen.de\/?page_id=464"},"modified":"2020-06-09T08:22:03","modified_gmt":"2020-06-09T08:22:03","slug":"jobs","status":"publish","type":"page","link":"https:\/\/frebert-kollegen.de\/?page_id=464","title":{"rendered":"Jobs"},"content":{"rendered":"\t\t<div data-elementor-type=\"wp-post\" data-elementor-id=\"464\" class=\"elementor elementor-464\">\n\t\t\t\t\t\t<section class=\"elementor-section elementor-top-section elementor-element elementor-element-5e8428f3 elementor-section-boxed elementor-section-height-default elementor-section-height-default\" data-id=\"5e8428f3\" data-element_type=\"section\" data-settings=\"{&quot;background_background&quot;:&quot;classic&quot;,&quot;shape_divider_bottom&quot;:&quot;tilt&quot;}\">\n\t\t\t\t\t\t\t<div class=\"elementor-background-overlay\"><\/div>\n\t\t\t\t\t\t<div class=\"elementor-shape elementor-shape-bottom\" data-negative=\"false\">\n\t\t\t<svg xmlns=\"http:\/\/www.w3.org\/2000\/svg\" viewBox=\"0 0 1000 100\" preserveAspectRatio=\"none\">\n\t<path class=\"elementor-shape-fill\" d=\"M0,6V0h1000v100L0,6z\"\/>\n<\/svg>\t\t<\/div>\n\t\t\t\t\t<div class=\"elementor-container elementor-column-gap-default\">\n\t\t\t\t\t<div class=\"elementor-column elementor-col-100 elementor-top-column elementor-element elementor-element-1a6aa194\" data-id=\"1a6aa194\" data-element_type=\"column\">\n\t\t\t<div class=\"elementor-widget-wrap elementor-element-populated\">\n\t\t\t\t\t\t<div class=\"elementor-element elementor-element-7b50723 elementor-widget elementor-widget-heading\" data-id=\"7b50723\" data-element_type=\"widget\" data-widget_type=\"heading.default\">\n\t\t\t\t<div class=\"elementor-widget-container\">\n\t\t\t<span id=7b50723><\/span><h2 class=\"elementor-heading-title elementor-size-default\">Offene Stellen<\/h2>\t\t<\/div>\n\t\t\t\t<\/div>\n\t\t\t\t<div class=\"elementor-element elementor-element-1c25a6a1 elementor-widget-divider--view-line elementor-widget elementor-widget-divider\" data-id=\"1c25a6a1\" data-element_type=\"widget\" data-widget_type=\"divider.default\">\n\t\t\t\t<div class=\"elementor-widget-container\">\n\t\t\t<span id=1c25a6a1><\/span>\t\t<div class=\"elementor-divider\">\n\t\t\t<span class=\"elementor-divider-separator\">\n\t\t\t\t\t\t<\/span>\n\t\t<\/div>\n\t\t\t\t<\/div>\n\t\t\t\t<\/div>\n\t\t\t\t<div class=\"elementor-element elementor-element-8efbed3 elementor-widget elementor-widget-text-editor\" data-id=\"8efbed3\" data-element_type=\"widget\" data-widget_type=\"text-editor.default\">\n\t\t\t\t<div class=\"elementor-widget-container\">\n\t\t\t<span id=8efbed3><\/span>\t\t\t\t<p>Als \u201eFamilienkanzlei\u201c bieten wir seit \u00fcber 40 Jahren im M\u00fcnchener Westen in einem kleinen Team einen modernen Arbeitsplatz, F\u00f6rderung der Weiterbildung, laufende fachliche Unterst\u00fctzung sowie eine gute Verkehrsanbindung. <br \/><strong>Derzeit suchen wir:<\/strong><\/p>\t\t\t\t\t\t<\/div>\n\t\t\t\t<\/div>\n\t\t\t\t<section class=\"elementor-section elementor-inner-section elementor-element elementor-element-654cb2e elementor-section-boxed elementor-section-height-default elementor-section-height-default\" data-id=\"654cb2e\" data-element_type=\"section\">\n\t\t\t\t\t\t<div class=\"elementor-container elementor-column-gap-default\">\n\t\t\t\t\t<div class=\"elementor-column elementor-col-100 elementor-inner-column elementor-element elementor-element-961090c\" data-id=\"961090c\" data-element_type=\"column\">\n\t\t\t<div class=\"elementor-widget-wrap elementor-element-populated\">\n\t\t\t\t\t\t<div class=\"elementor-element elementor-element-38778d1 elementor-view-default elementor-position-top elementor-mobile-position-top elementor-widget elementor-widget-icon-box\" data-id=\"38778d1\" data-element_type=\"widget\" data-widget_type=\"icon-box.default\">\n\t\t\t\t<div class=\"elementor-widget-container\">\n\t\t\t<span id=38778d1><\/span>\t\t<div class=\"elementor-icon-box-wrapper\">\n\n\t\t\t\t\t\t<div class=\"elementor-icon-box-icon\">\n\t\t\t\t<span  class=\"elementor-icon elementor-animation-grow\">\n\t\t\t\t<i aria-hidden=\"true\" class=\"fas fa-file-invoice-dollar\"><\/i>\t\t\t\t<\/span>\n\t\t\t<\/div>\n\t\t\t\n\t\t\t\t\t\t<div class=\"elementor-icon-box-content\">\n\n\t\t\t\t\t\t\t\t\t<h3 class=\"elementor-icon-box-title\">\n\t\t\t\t\t\t<span  >\n\t\t\t\t\t\t\tSteuerfachangestellte [m|w|x] <br>bzw. Steuerfachwirte <span data-elementor-setting-key=\"title_text\" data-elementor-inline-editing-toolbar=\"none\" data-pen-placeholder=\"Eingabe hier...\" contenteditable=\"true\">[m|w|x]<\/span>\t\t\t\t\t\t<\/span>\n\t\t\t\t\t<\/h3>\n\t\t\t\t\n\t\t\t\t\t\t\t\t\t<p class=\"elementor-icon-box-description\">\n\t\t\t\t\t\tmit Berufserfahrung und Datev-Kenntnissen f\u00fcr die Bearbeitung von Jahresabschl\u00fcssen und Steuererkl\u00e4rungen sowie f\u00fcr Finanz- und Lohnbuchhaltung in Voll- oder Teilzeit.\t\t\t\t\t<\/p>\n\t\t\t\t\n\t\t\t<\/div>\n\t\t\t\n\t\t<\/div>\n\t\t\t\t<\/div>\n\t\t\t\t<\/div>\n\t\t\t\t\t<\/div>\n\t\t<\/div>\n\t\t\t\t\t<\/div>\n\t\t<\/section>\n\t\t\t\t<div class=\"elementor-element elementor-element-8b58ac2 elementor-widget elementor-widget-text-editor\" data-id=\"8b58ac2\" data-element_type=\"widget\" data-widget_type=\"text-editor.default\">\n\t\t\t\t<div class=\"elementor-widget-container\">\n\t\t\t<span id=8b58ac2><\/span>\t\t\t\t<p>Bitte schicken Sie Ihre aussagekr\u00e4ftige Bewerbung an f.frebert@frebert-kollegen.de<\/p><p>Wir freuen uns auf Sie!<\/p>\t\t\t\t\t\t<\/div>\n\t\t\t\t<\/div>\n\t\t\t\t\t<\/div>\n\t\t<\/div>\n\t\t\t\t\t<\/div>\n\t\t<\/section>\n\t\t\t\t<section class=\"elementor-section elementor-top-section elementor-element elementor-element-31ec7f61 elementor-section-content-middle elementor-section-boxed elementor-section-height-default elementor-section-height-default\" data-id=\"31ec7f61\" data-element_type=\"section\" data-settings=\"{&quot;background_background&quot;:&quot;classic&quot;}\">\n\t\t\t\t\t\t<div class=\"elementor-container elementor-column-gap-no\">\n\t\t\t\t\t<div class=\"elementor-column elementor-col-100 elementor-top-column elementor-element elementor-element-2f1181a9\" data-id=\"2f1181a9\" data-element_type=\"column\">\n\t\t\t<div class=\"elementor-widget-wrap elementor-element-populated\">\n\t\t\t\t\t\t<div class=\"elementor-element elementor-element-73e7980c text-center elementor-widget elementor-widget-advanced-text-block\" data-id=\"73e7980c\" data-element_type=\"widget\" data-widget_type=\"advanced-text-block.default\">\n\t\t\t\t<div class=\"elementor-widget-container\">\n\t\t\t<span id=73e7980c><\/span><div class=\"futurio_extra_adv_text_block \" ><h5 class=\"text-content-block\"><p>Kontaktieren Sie uns<\/p><\/div><\/h5>\t\t<\/div>\n\t\t\t\t<\/div>\n\t\t\t\t<div class=\"elementor-element elementor-element-36cb42f1 text-center elementor-widget elementor-widget-advanced-text-block\" data-id=\"36cb42f1\" data-element_type=\"widget\" data-widget_type=\"advanced-text-block.default\">\n\t\t\t\t<div class=\"elementor-widget-container\">\n\t\t\t<span id=36cb42f1><\/span><div class=\"futurio_extra_adv_text_block animate-general\"  data-animate-type=\"transition.bounceIn\" data-animate-delay=\"50\"><h4 class=\"text-content-block\"><p>0 89 \/ 58 30 24<\/p><\/div><\/h4>\t\t<\/div>\n\t\t\t\t<\/div>\n\t\t\t\t<div class=\"elementor-element elementor-element-3b9b90ec text-center elementor-widget elementor-widget-advanced-text-block\" data-id=\"3b9b90ec\" data-element_type=\"widget\" data-widget_type=\"advanced-text-block.default\">\n\t\t\t\t<div class=\"elementor-widget-container\">\n\t\t\t<span id=3b9b90ec><\/span><div class=\"futurio_extra_adv_text_block \" ><div class=\"text-content-block\"><p>Landsberger Stra\u00dfe 410 | 81241 M\u00fcnchen<br \/><a href=\"mailto:kanzlei@frebert-kollegen.de\">kanzlei@frebert-kollegen.de<\/a><\/p><\/div><\/div>\t\t<\/div>\n\t\t\t\t<\/div>\n\t\t\t\t<div class=\"elementor-element elementor-element-71ac375b elementor-widget elementor-widget-google_maps\" data-id=\"71ac375b\" data-element_type=\"widget\" data-widget_type=\"google_maps.default\">\n\t\t\t\t<div class=\"elementor-widget-container\">\n\t\t\t<div style=\"max-height: 400px; overflow: hidden;\"><img fetchpriority=\"high\" decoding=\"async\" width=\"640\" height=\"480\" src=\"https:\/\/frebert-kollegen.de\/wp-content\/uploads\/2020\/04\/googlemaps.png\" class=\"attachment-1920x9999 size-1920x9999\" alt=\"\" srcset=\"https:\/\/frebert-kollegen.de\/wp-content\/uploads\/2020\/04\/googlemaps.png 640w, https:\/\/frebert-kollegen.de\/wp-content\/uploads\/2020\/04\/googlemaps-300x225.png 300w, https:\/\/frebert-kollegen.de\/wp-content\/uploads\/2020\/04\/googlemaps-160x120.png 160w\" sizes=\"(max-width: 640px) 100vw, 640px\" \/><button class=\"maps_placeholder_btn\"><i class=\"fa fa-map-signs\"><\/i><\/button><\/div><div class=\"maps_hover_text\"><span class=\"hover_close\"><i class=\"fa fa-times-circle\"><\/i><\/span>Zeige Google Map?<br \/>\r\n<br \/>\r\nWenn du die eingebettete Google Map an dieser Stelle sehen willst, werden personenbezogene Daten (IP-Adresse) zu Google gesendet. Daher ist es m\u00f6glich, dass dein Zugriff auf die Website von Google getrackt werden kann.<br \/>\r\n<br \/>\r\nWenn du den Link hier unten anklickst, wird ein Cookie auf deinem Computer gesetzt, um dieser Website zu erlauben, Google Maps in deinem Browser anzuzeigen. Das Cookie speichert keine personenbezogenen Daten, es merkt sich lediglich, dass du der Anzeige der Map zugestimmt hast.<br \/><br \/>Erfahre mehr \u00fcber diesen Aspekt der Datenschutzeinstellungen auf dieser Seite: <a href=\"https:\/\/frebert-kollegen.de\/?page_id=385\">Datenschutzerkl\u00e4rung<\/a><br \/><br \/><a href=\"https:\/\/frebert-kollegen.de\/?page_id=464&amp;_wpnonce=fb471c90c3&setcookie_allow_maps=true&id=464&scrollto=71ac375b\">Maps-Anzeigen<\/a><br \/><br \/>Als Alternative, kannst du diesen Link benutzen, um direkt zu Google Maps zu gelangen: <a href=\"https:\/\/www.google.com\/maps\/place\/M%C3%BCnchen%2C+Landsberger+Stra%C3%9Fe+410\">M\u00fcnchen, Landsberger Stra\u00dfe 410<\/a><\/div>\t\t<\/div>\n\t\t\t\t<\/div>\n\t\t\t\t\t<\/div>\n\t\t<\/div>\n\t\t\t\t\t<\/div>\n\t\t<\/section>\n\t\t\t\t<\/div>\n\t\t","protected":false},"excerpt":{"rendered":"<p>Offene Stellen Als \u201eFamilienkanzlei\u201c bieten wir seit \u00fcber 40 Jahren im M\u00fcnchener Westen in einem kleinen Team einen modernen Arbeitsplatz, F\u00f6rderung der Weiterbildung, laufende fachliche Unterst\u00fctzung sowie eine gute Verkehrsanbindung. Derzeit suchen wir: Steuerfachangestellte [m|w|x] bzw. Steuerfachwirte [m|w|x] mit Berufserfahrung und Datev-Kenntnissen f\u00fcr die Bearbeitung von Jahresabschl\u00fcssen und Steuererkl\u00e4rungen sowie f\u00fcr Finanz- und Lohnbuchhaltung in&hellip;<\/p>\n","protected":false},"author":1,"featured_media":0,"parent":0,"menu_order":0,"comment_status":"closed","ping_status":"closed","template":"","meta":{"footnotes":""},"_links":{"self":[{"href":"https:\/\/frebert-kollegen.de\/index.php?rest_route=\/wp\/v2\/pages\/464"}],"collection":[{"href":"https:\/\/frebert-kollegen.de\/index.php?rest_route=\/wp\/v2\/pages"}],"about":[{"href":"https:\/\/frebert-kollegen.de\/index.php?rest_route=\/wp\/v2\/types\/page"}],"author":[{"embeddable":true,"href":"https:\/\/frebert-kollegen.de\/index.php?rest_route=\/wp\/v2\/users\/1"}],"replies":[{"embeddable":true,"href":"https:\/\/frebert-kollegen.de\/index.php?rest_route=%2Fwp%2Fv2%2Fcomments&post=464"}],"version-history":[{"count":5,"href":"https:\/\/frebert-kollegen.de\/index.php?rest_route=\/wp\/v2\/pages\/464\/revisions"}],"predecessor-version":[{"id":544,"href":"https:\/\/frebert-kollegen.de\/index.php?rest_route=\/wp\/v2\/pages\/464\/revisions\/544"}],"wp:attachment":[{"href":"https:\/\/frebert-kollegen.de\/index.php?rest_route=%2Fwp%2Fv2%2Fmedia&parent=464"}],"curies":[{"name":"wp","href":"https:\/\/api.w.org\/{rel}","templated":true}]}}